{"id":3903,"date":"2019-10-27T15:43:35","date_gmt":"2019-10-27T13:43:35","guid":{"rendered":"https:\/\/kissesandlove.hu\/?page_id=3903"},"modified":"2025-03-25T21:59:24","modified_gmt":"2025-03-25T19:59:24","slug":"visszakuldes","status":"publish","type":"page","link":"https:\/\/kissesandlove.eu\/de\/visszakuldes\/","title":{"rendered":"R\u00fccksendung"},"content":{"rendered":"<p class=\"has-large-font-size\"><strong>R\u00dcCKGABE VON WAREN<\/strong>:<\/p><p><strong>R\u00fccksendung<\/strong><\/p><p><strong>R\u00dcCKGABE VON WAREN<\/strong>:<\/p><p>Wenn Sie das\/die bestellte(n) Produkt(e) zur\u00fccksenden m\u00f6chten, k\u00f6nnen Sie dies unter der unten angegebenen Adresse tun:<\/p><p>Kecskem\u00e9ti Dorina<\/p><p>6800 H\u00f3dmez\u0151v\u00e1s\u00e1rhely,<br>Csomork\u00e1nyi utca 27.<br>+36204413123<\/p><p>K\u00e9rj\u00fck minden esetben gondosan csomagold be a term\u00e9ket \u00e9s az \u00e1ltalunk k\u00fcld\u00f6tt sz\u00e1ml\u00e1t is juttasd vissza hozz\u00e1nk. A telefonsz\u00e1mot (+36204413123) minden esetben \u00edrd r\u00e1 a csomagra! A ruh\u00e1kat kiz\u00e1r\u00f3lag eredeti c\u00edmk\u00e9vel, tartoz\u00e9kokkal, mosatlan valamint haszn\u00e1latlan \u00e1llapotban \u00e1ll m\u00f3dunkban visszavenni, a k\u00e9zbes\u00edt\u00e9st\u0151l sz\u00e1m\u00edtott&nbsp;<strong>14<\/strong>&nbsp;napt\u00e1ri&nbsp;<strong>napon bel\u00fcl!!!<\/strong><\/p><p>Bei Badebekleidung ist eine R\u00fcckgabe und ein Umtausch aus hygienischen Gr\u00fcnden nicht m\u00f6glich.<\/p><p><br>A visszak\u00fcld\u00f6tt term\u00e9k(ek) posta k\u00f6lts\u00e9ge minden esetben a&nbsp;<strong>Vev\u0151t<\/strong>&nbsp;terheli. Csak hib\u00e1s, s\u00e9r\u00fclt \u00e9s\/vagy t\u00e9vesen k\u00fcld\u00f6tt term\u00e9k(ek) eset\u00e9n \u00e1lljuk a posta k\u00f6lts\u00e9get.<\/p><p>Sobald wir das Produkt zur\u00fcckerhalten, f\u00fchren wir eine Qualit\u00e4tspr\u00fcfung durch und wenn es die Kriterien erf\u00fcllt, es sich im gleichen Zustand wie bei der Lieferung befindet, wird der Preis des Produkts innerhalb von 14 Tagen auf die von Ihnen angegebene Bankkontonummer zur\u00fcckerstattet !<\/p><p><strong><em>WICHTIG: Bitte geben Sie die Bankkontonummer in dem Paket an, f\u00fcr das Sie eine R\u00fcckerstattung beantragen.<\/em><\/strong><br><strong>Wenn Sie ein anderes Produkt w\u00fcnschen, kontaktieren Sie uns bitte unter info@kissesandlove.hu oder auf Instagram.&nbsp;<em>In diesem Fall tr\u00e4gt der K\u00c4UFER das Porto des neuen Preises.<\/em><\/strong><\/p><p><\/p>","protected":false},"excerpt":{"rendered":"<p>\u00c1RU VISSZAK\u00dcLD\u00c9S: Visszak\u00fcld\u00e9s \u00c1RU VISSZAK\u00dcLD\u00c9S: Amennyiben vissza szeretn\u00e9d k\u00fcldeni az \u00e1ltalad rendelt term\u00e9k(ek)et az al\u00e1bbi c\u00edmre tudod megtenni Kecskem\u00e9ti Dorina 6800 H\u00f3dmez\u0151v\u00e1s\u00e1rhely,Csomork\u00e1nyi utca 27.+36204413123 K\u00e9rj\u00fck minden esetben gondosan csomagold be a term\u00e9ket \u00e9s az \u00e1ltalunk k\u00fcld\u00f6tt sz\u00e1ml\u00e1t is juttasd vissza hozz\u00e1nk. A telefonsz\u00e1mot (+36204413123) minden esetben \u00edrd r\u00e1 a csomagra! A ruh\u00e1kat kiz\u00e1r\u00f3lag eredeti c\u00edmk\u00e9vel, [&hellip;]<\/p>","protected":false},"author":21,"featured_media":0,"parent":0,"menu_order":0,"comment_status":"closed","ping_status":"closed","template":"","meta":{"site-sidebar-layout":"default","site-content-layout":"default","ast-site-content-layout":"default","site-content-style":"default","site-sidebar-style":"default","ast-global-header-display":"","ast-banner-title-visibility":"","ast-main-header-display":"","ast-hfb-above-header-display":"","ast-hfb-below-header-display":"","ast-hfb-mobile-header-display":"","site-post-title":"","ast-breadcrumbs-content":"","ast-featured-img":"","footer-sml-layout":"","theme-transparent-header-meta":"default","adv-header-id-meta":"","stick-header-meta":"","header-above-stick-meta":"","header-main-stick-meta":"","header-below-stick-meta":"","astra-migrate-meta-layouts":"set","ast-page-background-enabled":"default","ast-page-background-meta":{"desktop":{"background-color":"","background-image":"","background-repeat":"repeat","background-position":"center center","background-size":"auto","background-attachment":"scroll","background-type":"","background-media":"","overlay-type":"","overlay-color":"","overlay-gradient":""},"tablet":{"background-color":"","background-image":"","background-repeat":"repeat","background-position":"center center","background-size":"auto","background-attachment":"scroll","background-type":"","background-media":"","overlay-type":"","overlay-color":"","overlay-gradient":""},"mobile":{"background-color":"","background-image":"","background-repeat":"repeat","background-position":"center center","background-size":"auto","background-attachment":"scroll","background-type":"","background-media":"","overlay-type":"","overlay-color":"","overlay-gradient":""}},"ast-content-background-meta":{"desktop":{"background-color":"var(--ast-global-color-5)","background-image":"","background-repeat":"repeat","background-position":"center center","background-size":"auto","background-attachment":"scroll","background-type":"","background-media":"","overlay-type":"","overlay-color":"","overlay-gradient":""},"tablet":{"background-color":"var(--ast-global-color-5)","background-image":"","background-repeat":"repeat","background-position":"center center","background-size":"auto","background-attachment":"scroll","background-type":"","background-media":"","overlay-type":"","overlay-color":"","overlay-gradient":""},"mobile":{"background-color":"var(--ast-global-color-5)","background-image":"","background-repeat":"repeat","background-position":"center center","background-size":"auto","background-attachment":"scroll","background-type":"","background-media":"","overlay-type":"","overlay-color":"","overlay-gradient":""}},"footnotes":""},"class_list":["post-3903","page","type-page","status-publish","hentry"],"yoast_head":"<!-- This site is optimized with the Yoast SEO plugin v25.2 - https:\/\/yoast.com\/wordpress\/plugins\/seo\/ -->\n<title>Visszak\u00fcld\u00e9s - Kisses and Love<\/title>\n<meta name=\"description\" content=\"Tal\u00e1ld meg a legjobban hozz\u00e1d \u00edll\u0151, st\u00edlusos ruhadarabokat! Csak a Kisses and Loven\u00e1l!\" \/>\n<meta name=\"robots\" content=\"index, follow, max-snippet:-1, max-image-preview:large, max-video-preview:-1\" \/>\n<link rel=\"canonical\" href=\"https:\/\/kissesandlove.eu\/de\/visszakuldes\/\" \/>\n<meta property=\"og:locale\" content=\"de_DE\" \/>\n<meta property=\"og:type\" content=\"article\" \/>\n<meta property=\"og:title\" content=\"Visszak\u00fcld\u00e9s - Kisses and Love\" \/>\n<meta property=\"og:description\" content=\"Tal\u00e1ld meg a legjobban hozz\u00e1d \u00edll\u0151, st\u00edlusos ruhadarabokat! Csak a Kisses and Loven\u00e1l!\" \/>\n<meta property=\"og:url\" content=\"https:\/\/kissesandlove.eu\/de\/visszakuldes\/\" \/>\n<meta property=\"og:site_name\" content=\"Kisses and Love\" \/>\n<meta property=\"article:publisher\" content=\"https:\/\/www.facebook.com\/kissesandlovestore\" \/>\n<meta property=\"article:modified_time\" content=\"2025-03-25T19:59:24+00:00\" \/>\n<meta name=\"twitter:card\" content=\"summary_large_image\" \/>\n<meta name=\"twitter:label1\" content=\"Gesch\u00e4tzte Lesezeit\" \/>\n\t<meta name=\"twitter:data1\" content=\"1\u00a0Minute\" \/>\n<script type=\"application\/ld+json\" class=\"yoast-schema-graph\">{\"@context\":\"https:\/\/schema.org\",\"@graph\":[{\"@type\":\"WebPage\",\"@id\":\"https:\/\/kissesandlove.eu\/visszakuldes\/\",\"url\":\"https:\/\/kissesandlove.eu\/visszakuldes\/\",\"name\":\"Visszak\u00fcld\u00e9s - Kisses and Love\",\"isPartOf\":{\"@id\":\"https:\/\/kissesandlove.eu\/#website\"},\"datePublished\":\"2019-10-27T13:43:35+00:00\",\"dateModified\":\"2025-03-25T19:59:24+00:00\",\"description\":\"Tal\u00e1ld meg a legjobban hozz\u00e1d \u00edll\u0151, st\u00edlusos ruhadarabokat! Csak a Kisses and Loven\u00e1l!\",\"breadcrumb\":{\"@id\":\"https:\/\/kissesandlove.eu\/visszakuldes\/#breadcrumb\"},\"inLanguage\":\"de\",\"potentialAction\":[{\"@type\":\"ReadAction\",\"target\":[\"https:\/\/kissesandlove.eu\/visszakuldes\/\"]}]},{\"@type\":\"BreadcrumbList\",\"@id\":\"https:\/\/kissesandlove.eu\/visszakuldes\/#breadcrumb\",\"itemListElement\":[{\"@type\":\"ListItem\",\"position\":1,\"name\":\"Home\",\"item\":\"https:\/\/kissesandlove.eu\/\"},{\"@type\":\"ListItem\",\"position\":2,\"name\":\"Visszak\u00fcld\u00e9s\"}]},{\"@type\":\"WebSite\",\"@id\":\"https:\/\/kissesandlove.eu\/#website\",\"url\":\"https:\/\/kissesandlove.eu\/\",\"name\":\"Kisses and Love\",\"description\":\"Online Fashion Store\",\"publisher\":{\"@id\":\"https:\/\/kissesandlove.eu\/#organization\"},\"potentialAction\":[{\"@type\":\"SearchAction\",\"target\":{\"@type\":\"EntryPoint\",\"urlTemplate\":\"https:\/\/kissesandlove.eu\/?s={search_term_string}\"},\"query-input\":{\"@type\":\"PropertyValueSpecification\",\"valueRequired\":true,\"valueName\":\"search_term_string\"}}],\"inLanguage\":\"de\"},{\"@type\":\"Organization\",\"@id\":\"https:\/\/kissesandlove.eu\/#organization\",\"name\":\"VR Operation Kft.\",\"url\":\"https:\/\/kissesandlove.eu\/\",\"logo\":{\"@type\":\"ImageObject\",\"inLanguage\":\"de\",\"@id\":\"https:\/\/kissesandlove.eu\/#\/schema\/logo\/image\/\",\"url\":\"https:\/\/i0.wp.com\/kissesandlove.eu\/wp-content\/uploads\/2020\/07\/kisses-and-love-banner_website-logo-02.png?fit=2391%2C600&ssl=1\",\"contentUrl\":\"https:\/\/i0.wp.com\/kissesandlove.eu\/wp-content\/uploads\/2020\/07\/kisses-and-love-banner_website-logo-02.png?fit=2391%2C600&ssl=1\",\"width\":2391,\"height\":600,\"caption\":\"VR Operation Kft.\"},\"image\":{\"@id\":\"https:\/\/kissesandlove.eu\/#\/schema\/logo\/image\/\"},\"sameAs\":[\"https:\/\/www.facebook.com\/kissesandlovestore\",\"https:\/\/www.instagram.com\/kissesandlove_store\"]}]}<\/script>\n<!-- \/ Yoast SEO plugin. -->","yoast_head_json":{"title":"Visszak\u00fcld\u00e9s - Kisses and Love","description":"Tal\u00e1ld meg a legjobban hozz\u00e1d \u00edll\u0151, st\u00edlusos ruhadarabokat! Csak a Kisses and Loven\u00e1l!","robots":{"index":"index","follow":"follow","max-snippet":"max-snippet:-1","max-image-preview":"max-image-preview:large","max-video-preview":"max-video-preview:-1"},"canonical":"https:\/\/kissesandlove.eu\/de\/visszakuldes\/","og_locale":"de_DE","og_type":"article","og_title":"Visszak\u00fcld\u00e9s - Kisses and Love","og_description":"Tal\u00e1ld meg a legjobban hozz\u00e1d \u00edll\u0151, st\u00edlusos ruhadarabokat! Csak a Kisses and Loven\u00e1l!","og_url":"https:\/\/kissesandlove.eu\/de\/visszakuldes\/","og_site_name":"Kisses and Love","article_publisher":"https:\/\/www.facebook.com\/kissesandlovestore","article_modified_time":"2025-03-25T19:59:24+00:00","twitter_card":"summary_large_image","twitter_misc":{"Gesch\u00e4tzte Lesezeit":"1\u00a0Minute"},"schema":{"@context":"https:\/\/schema.org","@graph":[{"@type":"WebPage","@id":"https:\/\/kissesandlove.eu\/visszakuldes\/","url":"https:\/\/kissesandlove.eu\/visszakuldes\/","name":"Visszak\u00fcld\u00e9s - Kisses and Love","isPartOf":{"@id":"https:\/\/kissesandlove.eu\/#website"},"datePublished":"2019-10-27T13:43:35+00:00","dateModified":"2025-03-25T19:59:24+00:00","description":"Tal\u00e1ld meg a legjobban hozz\u00e1d \u00edll\u0151, st\u00edlusos ruhadarabokat! Csak a Kisses and Loven\u00e1l!","breadcrumb":{"@id":"https:\/\/kissesandlove.eu\/visszakuldes\/#breadcrumb"},"inLanguage":"de","potentialAction":[{"@type":"ReadAction","target":["https:\/\/kissesandlove.eu\/visszakuldes\/"]}]},{"@type":"BreadcrumbList","@id":"https:\/\/kissesandlove.eu\/visszakuldes\/#breadcrumb","itemListElement":[{"@type":"ListItem","position":1,"name":"Home","item":"https:\/\/kissesandlove.eu\/"},{"@type":"ListItem","position":2,"name":"Visszak\u00fcld\u00e9s"}]},{"@type":"WebSite","@id":"https:\/\/kissesandlove.eu\/#website","url":"https:\/\/kissesandlove.eu\/","name":"Kisses and Love","description":"Online Fashion Store","publisher":{"@id":"https:\/\/kissesandlove.eu\/#organization"},"potentialAction":[{"@type":"SearchAction","target":{"@type":"EntryPoint","urlTemplate":"https:\/\/kissesandlove.eu\/?s={search_term_string}"},"query-input":{"@type":"PropertyValueSpecification","valueRequired":true,"valueName":"search_term_string"}}],"inLanguage":"de"},{"@type":"Organization","@id":"https:\/\/kissesandlove.eu\/#organization","name":"VR Operation Kft.","url":"https:\/\/kissesandlove.eu\/","logo":{"@type":"ImageObject","inLanguage":"de","@id":"https:\/\/kissesandlove.eu\/#\/schema\/logo\/image\/","url":"https:\/\/i0.wp.com\/kissesandlove.eu\/wp-content\/uploads\/2020\/07\/kisses-and-love-banner_website-logo-02.png?fit=2391%2C600&ssl=1","contentUrl":"https:\/\/i0.wp.com\/kissesandlove.eu\/wp-content\/uploads\/2020\/07\/kisses-and-love-banner_website-logo-02.png?fit=2391%2C600&ssl=1","width":2391,"height":600,"caption":"VR Operation Kft."},"image":{"@id":"https:\/\/kissesandlove.eu\/#\/schema\/logo\/image\/"},"sameAs":["https:\/\/www.facebook.com\/kissesandlovestore","https:\/\/www.instagram.com\/kissesandlove_store"]}]}},"jetpack_sharing_enabled":true,"_links":{"self":[{"href":"https:\/\/kissesandlove.eu\/de\/wp-json\/wp\/v2\/pages\/3903","targetHints":{"allow":["GET"]}}],"collection":[{"href":"https:\/\/kissesandlove.eu\/de\/wp-json\/wp\/v2\/pages"}],"about":[{"href":"https:\/\/kissesandlove.eu\/de\/wp-json\/wp\/v2\/types\/page"}],"author":[{"embeddable":true,"href":"https:\/\/kissesandlove.eu\/de\/wp-json\/wp\/v2\/users\/21"}],"replies":[{"embeddable":true,"href":"https:\/\/kissesandlove.eu\/de\/wp-json\/wp\/v2\/comments?post=3903"}],"version-history":[{"count":13,"href":"https:\/\/kissesandlove.eu\/de\/wp-json\/wp\/v2\/pages\/3903\/revisions"}],"predecessor-version":[{"id":52290,"href":"https:\/\/kissesandlove.eu\/de\/wp-json\/wp\/v2\/pages\/3903\/revisions\/52290"}],"wp:attachment":[{"href":"https:\/\/kissesandlove.eu\/de\/wp-json\/wp\/v2\/media?parent=3903"}],"curies":[{"name":"wp","href":"https:\/\/api.w.org\/{rel}","templated":true}]}}