{"id":39,"date":"2017-12-17T10:02:10","date_gmt":"2017-12-17T10:02:10","guid":{"rendered":"https:\/\/websitedemos.net\/brandstore-04\/cart\/"},"modified":"2019-08-01T09:02:04","modified_gmt":"2019-08-01T09:02:04","slug":"kosar","status":"publish","type":"page","link":"https:\/\/kissesandlove.eu\/en\/kosar\/","title":{"rendered":"Cart"},"content":{"rendered":"<div data-elementor-type=\"wp-post\" data-elementor-id=\"39\" class=\"elementor elementor-39\" data-elementor-post-type=\"page\">\n\t\t\t\t\t\t<section class=\"elementor-section elementor-top-section elementor-element elementor-element-4feb71c elementor-section-boxed elementor-section-height-default elementor-section-height-default\" data-id=\"4feb71c\" data-element_type=\"section\" data-e-type=\"section\" data-settings=\"{&quot;background_background&quot;:&quot;classic&quot;}\">\n\t\t\t\t\t\t<div class=\"elementor-container elementor-column-gap-default\">\n\t\t\t\t\t<div class=\"elementor-column elementor-col-100 elementor-top-column elementor-element elementor-element-4b10cab\" data-id=\"4b10cab\" data-element_type=\"column\" data-e-type=\"column\">\n\t\t\t<div class=\"elementor-widget-wrap elementor-element-populated\">\n\t\t\t\t\t\t<div class=\"elementor-element elementor-element-49083bd elementor-widget elementor-widget-heading\" data-id=\"49083bd\" data-element_type=\"widget\" data-e-type=\"widget\" data-widget_type=\"heading.default\">\n\t\t\t\t<div class=\"elementor-widget-container\">\n\t\t\t\t\t<h1 class=\"elementor-heading-title elementor-size-default\">Cart<\/h1>\t\t\t\t<\/div>\n\t\t\t\t<\/div>\n\t\t\t\t\t<\/div>\n\t\t<\/div>\n\t\t\t\t\t<\/div>\n\t\t<\/section>\n\t\t\t\t<section class=\"elementor-section elementor-top-section elementor-element elementor-element-4c824ebb elementor-section-boxed elementor-section-height-default elementor-section-height-default\" data-id=\"4c824ebb\" data-element_type=\"section\" data-e-type=\"section\" data-settings=\"{&quot;background_background&quot;:&quot;classic&quot;}\">\n\t\t\t\t\t\t<div class=\"elementor-container elementor-column-gap-default\">\n\t\t\t\t\t<div class=\"elementor-column elementor-col-100 elementor-top-column elementor-element elementor-element-7a91de92\" data-id=\"7a91de92\" data-element_type=\"column\" data-e-type=\"column\">\n\t\t\t<div class=\"elementor-widget-wrap elementor-element-populated\">\n\t\t\t\t\t\t<div class=\"elementor-element elementor-element-245f8e5c elementor-widget elementor-widget-shortcode\" data-id=\"245f8e5c\" data-element_type=\"widget\" data-e-type=\"widget\" data-widget_type=\"shortcode.default\">\n\t\t\t\t<div class=\"elementor-widget-container\">\n\t\t\t\t\t\t\t<div class=\"elementor-shortcode\"><\/div>\n\t\t\t\t\t\t<\/div>\n\t\t\t\t<\/div>\n\t\t\t\t\t<\/div>\n\t\t<\/div>\n\t\t\t\t\t<\/div>\n\t\t<\/section>\n\t\t\t\t<\/div>","protected":false},"excerpt":{"rendered":"<p>Cart<\/p>","protected":false},"author":21,"featured_media":0,"parent":0,"menu_order":0,"comment_status":"closed","ping_status":"closed","template":"","meta":{"site-sidebar-layout":"no-sidebar","site-content-layout":"page-builder","ast-site-content-layout":"","site-content-style":"default","site-sidebar-style":"default","ast-global-header-display":"","ast-banner-title-visibility":"","ast-main-header-display":"","ast-hfb-above-header-display":"","ast-hfb-below-header-display":"","ast-hfb-mobile-header-display":"","site-post-title":"disabled","ast-breadcrumbs-content":"","ast-featured-img":"disabled","footer-sml-layout":"","theme-transparent-header-meta":"disabled","adv-header-id-meta":"","stick-header-meta":"","header-above-stick-meta":"","header-main-stick-meta":"","header-below-stick-meta":"","astra-migrate-meta-layouts":"default","ast-page-background-enabled":"default","ast-page-background-meta":{"desktop":{"background-color":"","background-image":"","background-repeat":"repeat","background-position":"center center","background-size":"auto","background-attachment":"scroll","background-type":"","background-media":"","overlay-type":"","overlay-color":"","overlay-gradient":""},"tablet":{"background-color":"","background-image":"","background-repeat":"repeat","background-position":"center center","background-size":"auto","background-attachment":"scroll","background-type":"","background-media":"","overlay-type":"","overlay-color":"","overlay-gradient":""},"mobile":{"background-color":"","background-image":"","background-repeat":"repeat","background-position":"center center","background-size":"auto","background-attachment":"scroll","background-type":"","background-media":"","overlay-type":"","overlay-color":"","overlay-gradient":""}},"ast-content-background-meta":{"desktop":{"background-color":"var(--ast-global-color-5)","background-image":"","background-repeat":"repeat","background-position":"center center","background-size":"auto","background-attachment":"scroll","background-type":"","background-media":"","overlay-type":"","overlay-color":"","overlay-gradient":""},"tablet":{"background-color":"var(--ast-global-color-5)","background-image":"","background-repeat":"repeat","background-position":"center center","background-size":"auto","background-attachment":"scroll","background-type":"","background-media":"","overlay-type":"","overlay-color":"","overlay-gradient":""},"mobile":{"background-color":"var(--ast-global-color-5)","background-image":"","background-repeat":"repeat","background-position":"center center","background-size":"auto","background-attachment":"scroll","background-type":"","background-media":"","overlay-type":"","overlay-color":"","overlay-gradient":""}},"footnotes":""},"class_list":["post-39","page","type-page","status-publish","hentry"],"yoast_head":"<!-- This site is optimized with the Yoast SEO plugin v25.2 - https:\/\/yoast.com\/wordpress\/plugins\/seo\/ -->\n<title>Kos\u00e1r - Kisses and Love<\/title>\n<meta name=\"description\" content=\"Tal\u00e1ld meg a legjobban hozz\u00e1d\u00edll\u0151, st\u00edlusos ruhadarabokat! Csak a Kisses and Loven\u00e1l!\" \/>\n<meta name=\"robots\" content=\"index, follow, max-snippet:-1, max-image-preview:large, max-video-preview:-1\" \/>\n<link rel=\"canonical\" href=\"https:\/\/kissesandlove.eu\/en\/kosar\/\" \/>\n<meta property=\"og:locale\" content=\"en_GB\" \/>\n<meta property=\"og:type\" content=\"article\" \/>\n<meta property=\"og:title\" content=\"Kos\u00e1r - Kisses and Love\" \/>\n<meta property=\"og:description\" content=\"Tal\u00e1ld meg a legjobban hozz\u00e1d\u00edll\u0151, st\u00edlusos ruhadarabokat! Csak a Kisses and Loven\u00e1l!\" \/>\n<meta property=\"og:url\" content=\"https:\/\/kissesandlove.eu\/en\/kosar\/\" \/>\n<meta property=\"og:site_name\" content=\"Kisses and Love\" \/>\n<meta property=\"article:publisher\" content=\"https:\/\/www.facebook.com\/kissesandlovestore\" \/>\n<meta property=\"article:modified_time\" content=\"2019-08-01T09:02:04+00:00\" \/>\n<meta name=\"twitter:card\" content=\"summary_large_image\" \/>\n<script type=\"application\/ld+json\" class=\"yoast-schema-graph\">{\"@context\":\"https:\/\/schema.org\",\"@graph\":[{\"@type\":\"WebPage\",\"@id\":\"https:\/\/kissesandlove.eu\/kosar\/\",\"url\":\"https:\/\/kissesandlove.eu\/kosar\/\",\"name\":\"Kos\u00e1r - Kisses and Love\",\"isPartOf\":{\"@id\":\"https:\/\/kissesandlove.eu\/#website\"},\"datePublished\":\"2017-12-17T10:02:10+00:00\",\"dateModified\":\"2019-08-01T09:02:04+00:00\",\"description\":\"Tal\u00e1ld meg a legjobban hozz\u00e1d\u00edll\u0151, st\u00edlusos ruhadarabokat! Csak a Kisses and Loven\u00e1l!\",\"breadcrumb\":{\"@id\":\"https:\/\/kissesandlove.eu\/kosar\/#breadcrumb\"},\"inLanguage\":\"en-GB\",\"potentialAction\":[{\"@type\":\"ReadAction\",\"target\":[\"https:\/\/kissesandlove.eu\/kosar\/\"]}]},{\"@type\":\"BreadcrumbList\",\"@id\":\"https:\/\/kissesandlove.eu\/kosar\/#breadcrumb\",\"itemListElement\":[{\"@type\":\"ListItem\",\"position\":1,\"name\":\"Home\",\"item\":\"https:\/\/kissesandlove.eu\/\"},{\"@type\":\"ListItem\",\"position\":2,\"name\":\"Kos\u00e1r\"}]},{\"@type\":\"WebSite\",\"@id\":\"https:\/\/kissesandlove.eu\/#website\",\"url\":\"https:\/\/kissesandlove.eu\/\",\"name\":\"Kisses and Love\",\"description\":\"Online Fashion Store\",\"publisher\":{\"@id\":\"https:\/\/kissesandlove.eu\/#organization\"},\"potentialAction\":[{\"@type\":\"SearchAction\",\"target\":{\"@type\":\"EntryPoint\",\"urlTemplate\":\"https:\/\/kissesandlove.eu\/?s={search_term_string}\"},\"query-input\":{\"@type\":\"PropertyValueSpecification\",\"valueRequired\":true,\"valueName\":\"search_term_string\"}}],\"inLanguage\":\"en-GB\"},{\"@type\":\"Organization\",\"@id\":\"https:\/\/kissesandlove.eu\/#organization\",\"name\":\"VR Operation Kft.\",\"url\":\"https:\/\/kissesandlove.eu\/\",\"logo\":{\"@type\":\"ImageObject\",\"inLanguage\":\"en-GB\",\"@id\":\"https:\/\/kissesandlove.eu\/#\/schema\/logo\/image\/\",\"url\":\"https:\/\/i0.wp.com\/kissesandlove.eu\/wp-content\/uploads\/2020\/07\/kisses-and-love-banner_website-logo-02.png?fit=2391%2C600&ssl=1\",\"contentUrl\":\"https:\/\/i0.wp.com\/kissesandlove.eu\/wp-content\/uploads\/2020\/07\/kisses-and-love-banner_website-logo-02.png?fit=2391%2C600&ssl=1\",\"width\":2391,\"height\":600,\"caption\":\"VR Operation Kft.\"},\"image\":{\"@id\":\"https:\/\/kissesandlove.eu\/#\/schema\/logo\/image\/\"},\"sameAs\":[\"https:\/\/www.facebook.com\/kissesandlovestore\",\"https:\/\/www.instagram.com\/kissesandlove_store\"]}]}<\/script>\n<!-- \/ Yoast SEO plugin. -->","yoast_head_json":{"title":"Kos\u00e1r - Kisses and Love","description":"Tal\u00e1ld meg a legjobban hozz\u00e1d\u00edll\u0151, st\u00edlusos ruhadarabokat! Csak a Kisses and Loven\u00e1l!","robots":{"index":"index","follow":"follow","max-snippet":"max-snippet:-1","max-image-preview":"max-image-preview:large","max-video-preview":"max-video-preview:-1"},"canonical":"https:\/\/kissesandlove.eu\/en\/kosar\/","og_locale":"en_GB","og_type":"article","og_title":"Kos\u00e1r - Kisses and Love","og_description":"Tal\u00e1ld meg a legjobban hozz\u00e1d\u00edll\u0151, st\u00edlusos ruhadarabokat! Csak a Kisses and Loven\u00e1l!","og_url":"https:\/\/kissesandlove.eu\/en\/kosar\/","og_site_name":"Kisses and Love","article_publisher":"https:\/\/www.facebook.com\/kissesandlovestore","article_modified_time":"2019-08-01T09:02:04+00:00","twitter_card":"summary_large_image","schema":{"@context":"https:\/\/schema.org","@graph":[{"@type":"WebPage","@id":"https:\/\/kissesandlove.eu\/kosar\/","url":"https:\/\/kissesandlove.eu\/kosar\/","name":"Kos\u00e1r - Kisses and Love","isPartOf":{"@id":"https:\/\/kissesandlove.eu\/#website"},"datePublished":"2017-12-17T10:02:10+00:00","dateModified":"2019-08-01T09:02:04+00:00","description":"Tal\u00e1ld meg a legjobban hozz\u00e1d\u00edll\u0151, st\u00edlusos ruhadarabokat! Csak a Kisses and Loven\u00e1l!","breadcrumb":{"@id":"https:\/\/kissesandlove.eu\/kosar\/#breadcrumb"},"inLanguage":"en-GB","potentialAction":[{"@type":"ReadAction","target":["https:\/\/kissesandlove.eu\/kosar\/"]}]},{"@type":"BreadcrumbList","@id":"https:\/\/kissesandlove.eu\/kosar\/#breadcrumb","itemListElement":[{"@type":"ListItem","position":1,"name":"Home","item":"https:\/\/kissesandlove.eu\/"},{"@type":"ListItem","position":2,"name":"Kos\u00e1r"}]},{"@type":"WebSite","@id":"https:\/\/kissesandlove.eu\/#website","url":"https:\/\/kissesandlove.eu\/","name":"Kisses and Love","description":"Online Fashion Store","publisher":{"@id":"https:\/\/kissesandlove.eu\/#organization"},"potentialAction":[{"@type":"SearchAction","target":{"@type":"EntryPoint","urlTemplate":"https:\/\/kissesandlove.eu\/?s={search_term_string}"},"query-input":{"@type":"PropertyValueSpecification","valueRequired":true,"valueName":"search_term_string"}}],"inLanguage":"en-GB"},{"@type":"Organization","@id":"https:\/\/kissesandlove.eu\/#organization","name":"VR Operation Kft.","url":"https:\/\/kissesandlove.eu\/","logo":{"@type":"ImageObject","inLanguage":"en-GB","@id":"https:\/\/kissesandlove.eu\/#\/schema\/logo\/image\/","url":"https:\/\/i0.wp.com\/kissesandlove.eu\/wp-content\/uploads\/2020\/07\/kisses-and-love-banner_website-logo-02.png?fit=2391%2C600&ssl=1","contentUrl":"https:\/\/i0.wp.com\/kissesandlove.eu\/wp-content\/uploads\/2020\/07\/kisses-and-love-banner_website-logo-02.png?fit=2391%2C600&ssl=1","width":2391,"height":600,"caption":"VR Operation Kft."},"image":{"@id":"https:\/\/kissesandlove.eu\/#\/schema\/logo\/image\/"},"sameAs":["https:\/\/www.facebook.com\/kissesandlovestore","https:\/\/www.instagram.com\/kissesandlove_store"]}]}},"jetpack_sharing_enabled":true,"_links":{"self":[{"href":"https:\/\/kissesandlove.eu\/en\/wp-json\/wp\/v2\/pages\/39","targetHints":{"allow":["GET"]}}],"collection":[{"href":"https:\/\/kissesandlove.eu\/en\/wp-json\/wp\/v2\/pages"}],"about":[{"href":"https:\/\/kissesandlove.eu\/en\/wp-json\/wp\/v2\/types\/page"}],"author":[{"embeddable":true,"href":"https:\/\/kissesandlove.eu\/en\/wp-json\/wp\/v2\/users\/21"}],"replies":[{"embeddable":true,"href":"https:\/\/kissesandlove.eu\/en\/wp-json\/wp\/v2\/comments?post=39"}],"version-history":[{"count":6,"href":"https:\/\/kissesandlove.eu\/en\/wp-json\/wp\/v2\/pages\/39\/revisions"}],"predecessor-version":[{"id":52593,"href":"https:\/\/kissesandlove.eu\/en\/wp-json\/wp\/v2\/pages\/39\/revisions\/52593"}],"wp:attachment":[{"href":"https:\/\/kissesandlove.eu\/en\/wp-json\/wp\/v2\/media?parent=39"}],"curies":[{"name":"wp","href":"https:\/\/api.w.org\/{rel}","templated":true}]}}