{"id":42820,"date":"2021-05-13T11:52:22","date_gmt":"2021-05-13T09:52:22","guid":{"rendered":"https:\/\/kissesandlove.hu\/?post_type=product&#038;p=42820"},"modified":"2025-06-30T09:08:03","modified_gmt":"2025-06-30T07:08:03","slug":"radiance-pink-bikini","status":"publish","type":"product","link":"https:\/\/kissesandlove.eu\/en\/store\/ruhazat\/furdoruhak\/radiance-pink-bikini\/","title":{"rendered":"RADIANCE PINK &#8211; BIKINI"},"content":{"rendered":"<p>Az els\u0151 k\u00e9pen l\u00e1thatod az \u00e1ltalad v\u00e1laszott bikini sz\u00edn\u00e9t, a t\u00f6bbi k\u00e9pen pedig felv\u00e9ve szerepel (m\u00e1s sz\u00ednben).<\/p>\n<p>Cser\u00e9re \u00e9s visszak\u00fcld\u00e9sre a f\u00fcrd\u0151ruh\u00e1k eset\u00e9ben higi\u00e9niai okokb\u00f3l nincs lehet\u0151s\u00e9g.<\/p>\n<p>A fels\u0151 r\u00e9sze v\u00e9kony, kivehet\u0151 szivacsr\u00e9teggel ell\u00e1tott.<\/p>","protected":false},"excerpt":{"rendered":"<p>Az els\u0151 k\u00e9pen l\u00e1thatod az \u00e1ltalad v\u00e1laszott bikini sz\u00edn\u00e9t, a t\u00f6bbi k\u00e9pen pedig felv\u00e9ve szerepel (m\u00e1s sz\u00ednben).<\/p>\n<p>Cser\u00e9re \u00e9s visszak\u00fcld\u00e9sre a f\u00fcrd\u0151ruh\u00e1k eset\u00e9ben higi\u00e9niai okokb\u00f3l nincs lehet\u0151s\u00e9g.<\/p>\n<p>A fels\u0151 r\u00e9sze v\u00e9kony, kivehet\u0151 szivacsr\u00e9teggel ell\u00e1tott.<\/p>","protected":false},"featured_media":42733,"comment_status":"open","ping_status":"closed","template":"","meta":{"site-sidebar-layout":"default","site-content-layout":"default","ast-site-content-layout":"default","site-content-style":"default","site-sidebar-style":"default","ast-global-header-display":"","ast-banner-title-visibility":"","ast-main-header-display":"","ast-hfb-above-header-display":"","ast-hfb-below-header-display":"","ast-hfb-mobile-header-display":"","site-post-title":"","ast-breadcrumbs-content":"","ast-featured-img":"","footer-sml-layout":"","theme-transparent-header-meta":"default","adv-header-id-meta":"","stick-header-meta":"","header-above-stick-meta":"","header-main-stick-meta":"","header-below-stick-meta":"","astra-migrate-meta-layouts":"set","ast-page-background-enabled":"default","ast-page-background-meta":{"desktop":{"background-color":"","background-image":"","background-repeat":"repeat","background-position":"center center","background-size":"auto","background-attachment":"scroll","background-type":"","background-media":"","overlay-type":"","overlay-color":"","overlay-gradient":""},"tablet":{"background-color":"","background-image":"","background-repeat":"repeat","background-position":"center center","background-size":"auto","background-attachment":"scroll","background-type":"","background-media":"","overlay-type":"","overlay-color":"","overlay-gradient":""},"mobile":{"background-color":"","background-image":"","background-repeat":"repeat","background-position":"center center","background-size":"auto","background-attachment":"scroll","background-type":"","background-media":"","overlay-type":"","overlay-color":"","overlay-gradient":""}},"ast-content-background-meta":{"desktop":{"background-color":"var(--ast-global-color-5)","background-image":"","background-repeat":"repeat","background-position":"center center","background-size":"auto","background-attachment":"scroll","background-type":"","background-media":"","overlay-type":"","overlay-color":"","overlay-gradient":""},"tablet":{"background-color":"var(--ast-global-color-5)","background-image":"","background-repeat":"repeat","background-position":"center center","background-size":"auto","background-attachment":"scroll","background-type":"","background-media":"","overlay-type":"","overlay-color":"","overlay-gradient":""},"mobile":{"background-color":"var(--ast-global-color-5)","background-image":"","background-repeat":"repeat","background-position":"center center","background-size":"auto","background-attachment":"scroll","background-type":"","background-media":"","overlay-type":"","overlay-color":"","overlay-gradient":""}}},"product_brand":[],"product_cat":[139,129],"product_tag":[],"class_list":{"0":"post-42820","1":"product","2":"type-product","3":"status-publish","4":"has-post-thumbnail","6":"product_cat-furdoruhak","7":"product_cat-utolso-darabok","8":"desktop-align-left","9":"tablet-align-left","10":"mobile-align-left","12":"first","13":"instock","14":"sale","15":"taxable","16":"shipping-taxable","17":"purchasable","18":"product-type-variable"},"yoast_head":"<!-- This site is optimized with the Yoast SEO plugin v25.2 - https:\/\/yoast.com\/wordpress\/plugins\/seo\/ -->\n<title>RADIANCE PINK - BIKINI - Kisses and Love<\/title>\n<meta name=\"robots\" content=\"index, follow, max-snippet:-1, max-image-preview:large, max-video-preview:-1\" \/>\n<link rel=\"canonical\" href=\"https:\/\/kissesandlove.eu\/en\/store\/ruhazat\/furdoruhak\/radiance-pink-bikini\/\" \/>\n<meta property=\"og:locale\" content=\"en_GB\" \/>\n<meta property=\"og:type\" content=\"article\" \/>\n<meta property=\"og:title\" content=\"RADIANCE PINK - BIKINI - Kisses and Love\" \/>\n<meta property=\"og:description\" content=\"Az els\u0151 k\u00e9pen l\u00e1thatod az \u00e1ltalad v\u00e1laszott bikini sz\u00edn\u00e9t, a t\u00f6bbi k\u00e9pen pedig felv\u00e9ve szerepel (m\u00e1s sz\u00ednben).  Cser\u00e9re \u00e9s visszak\u00fcld\u00e9sre a f\u00fcrd\u0151ruh\u00e1k eset\u00e9ben higi\u00e9niai okokb\u00f3l nincs lehet\u0151s\u00e9g.  A fels\u0151 r\u00e9sze v\u00e9kony, kivehet\u0151 szivacsr\u00e9teggel ell\u00e1tott.\" \/>\n<meta property=\"og:url\" content=\"https:\/\/kissesandlove.eu\/en\/store\/ruhazat\/furdoruhak\/radiance-pink-bikini\/\" \/>\n<meta property=\"og:site_name\" content=\"Kisses and Love\" \/>\n<meta property=\"article:publisher\" content=\"https:\/\/www.facebook.com\/kissesandlovestore\" \/>\n<meta property=\"article:modified_time\" content=\"2025-06-30T07:08:03+00:00\" \/>\n<meta property=\"og:image\" content=\"https:\/\/kissesandlove.eu\/wp-content\/uploads\/2021\/05\/29D5887B-8EAD-4E98-A50A-5BA6A2D52814.jpeg\" \/>\n\t<meta property=\"og:image:width\" content=\"1783\" \/>\n\t<meta property=\"og:image:height\" content=\"1783\" \/>\n\t<meta property=\"og:image:type\" content=\"image\/jpeg\" \/>\n<meta name=\"twitter:card\" content=\"summary_large_image\" \/>\n<meta name=\"twitter:label1\" content=\"Estimated reading time\" \/>\n\t<meta name=\"twitter:data1\" content=\"1 minute\" \/>\n<script type=\"application\/ld+json\" class=\"yoast-schema-graph\">{\"@context\":\"https:\/\/schema.org\",\"@graph\":[{\"@type\":\"WebPage\",\"@id\":\"https:\/\/kissesandlove.eu\/store\/ruhazat\/furdoruhak\/radiance-pink-bikini\/\",\"url\":\"https:\/\/kissesandlove.eu\/store\/ruhazat\/furdoruhak\/radiance-pink-bikini\/\",\"name\":\"RADIANCE PINK - BIKINI - Kisses and Love\",\"isPartOf\":{\"@id\":\"https:\/\/kissesandlove.eu\/#website\"},\"primaryImageOfPage\":{\"@id\":\"https:\/\/kissesandlove.eu\/store\/ruhazat\/furdoruhak\/radiance-pink-bikini\/#primaryimage\"},\"image\":{\"@id\":\"https:\/\/kissesandlove.eu\/store\/ruhazat\/furdoruhak\/radiance-pink-bikini\/#primaryimage\"},\"thumbnailUrl\":\"https:\/\/i0.wp.com\/kissesandlove.eu\/wp-content\/uploads\/2021\/05\/29D5887B-8EAD-4E98-A50A-5BA6A2D52814.jpeg?fit=1783%2C1783&ssl=1\",\"datePublished\":\"2021-05-13T09:52:22+00:00\",\"dateModified\":\"2025-06-30T07:08:03+00:00\",\"breadcrumb\":{\"@id\":\"https:\/\/kissesandlove.eu\/store\/ruhazat\/furdoruhak\/radiance-pink-bikini\/#breadcrumb\"},\"inLanguage\":\"en-GB\",\"potentialAction\":[{\"@type\":\"ReadAction\",\"target\":[\"https:\/\/kissesandlove.eu\/store\/ruhazat\/furdoruhak\/radiance-pink-bikini\/\"]}]},{\"@type\":\"ImageObject\",\"inLanguage\":\"en-GB\",\"@id\":\"https:\/\/kissesandlove.eu\/store\/ruhazat\/furdoruhak\/radiance-pink-bikini\/#primaryimage\",\"url\":\"https:\/\/i0.wp.com\/kissesandlove.eu\/wp-content\/uploads\/2021\/05\/29D5887B-8EAD-4E98-A50A-5BA6A2D52814.jpeg?fit=1783%2C1783&ssl=1\",\"contentUrl\":\"https:\/\/i0.wp.com\/kissesandlove.eu\/wp-content\/uploads\/2021\/05\/29D5887B-8EAD-4E98-A50A-5BA6A2D52814.jpeg?fit=1783%2C1783&ssl=1\",\"width\":1783,\"height\":1783,\"caption\":\"{\\\"source_sid\\\":\\\"EB019872-D17E-4D3F-AA73-BC17CD4A826C_1618420245967\\\",\\\"subsource\\\":\\\"done_button\\\",\\\"uid\\\":\\\"EB019872-D17E-4D3F-AA73-BC17CD4A826C_1618420245960\\\",\\\"source\\\":\\\"other\\\",\\\"origin\\\":\\\"gallery\\\"}\"},{\"@type\":\"BreadcrumbList\",\"@id\":\"https:\/\/kissesandlove.eu\/store\/ruhazat\/furdoruhak\/radiance-pink-bikini\/#breadcrumb\",\"itemListElement\":[{\"@type\":\"ListItem\",\"position\":1,\"name\":\"Home\",\"item\":\"https:\/\/kissesandlove.eu\/\"},{\"@type\":\"ListItem\",\"position\":2,\"name\":\"\u00dczlet\",\"item\":\"https:\/\/kissesandlove.eu\/de\/uzlet\/\"},{\"@type\":\"ListItem\",\"position\":3,\"name\":\"RADIANCE PINK &#8211; BIKINI\"}]},{\"@type\":\"WebSite\",\"@id\":\"https:\/\/kissesandlove.eu\/#website\",\"url\":\"https:\/\/kissesandlove.eu\/\",\"name\":\"Kisses and Love\",\"description\":\"Online Fashion Store\",\"publisher\":{\"@id\":\"https:\/\/kissesandlove.eu\/#organization\"},\"potentialAction\":[{\"@type\":\"SearchAction\",\"target\":{\"@type\":\"EntryPoint\",\"urlTemplate\":\"https:\/\/kissesandlove.eu\/?s={search_term_string}\"},\"query-input\":{\"@type\":\"PropertyValueSpecification\",\"valueRequired\":true,\"valueName\":\"search_term_string\"}}],\"inLanguage\":\"en-GB\"},{\"@type\":\"Organization\",\"@id\":\"https:\/\/kissesandlove.eu\/#organization\",\"name\":\"VR Operation Kft.\",\"url\":\"https:\/\/kissesandlove.eu\/\",\"logo\":{\"@type\":\"ImageObject\",\"inLanguage\":\"en-GB\",\"@id\":\"https:\/\/kissesandlove.eu\/#\/schema\/logo\/image\/\",\"url\":\"https:\/\/i0.wp.com\/kissesandlove.eu\/wp-content\/uploads\/2020\/07\/kisses-and-love-banner_website-logo-02.png?fit=2391%2C600&ssl=1\",\"contentUrl\":\"https:\/\/i0.wp.com\/kissesandlove.eu\/wp-content\/uploads\/2020\/07\/kisses-and-love-banner_website-logo-02.png?fit=2391%2C600&ssl=1\",\"width\":2391,\"height\":600,\"caption\":\"VR Operation Kft.\"},\"image\":{\"@id\":\"https:\/\/kissesandlove.eu\/#\/schema\/logo\/image\/\"},\"sameAs\":[\"https:\/\/www.facebook.com\/kissesandlovestore\",\"https:\/\/www.instagram.com\/kissesandlove_store\"]}]}<\/script>\n<!-- \/ Yoast SEO plugin. -->","yoast_head_json":{"title":"RADIANCE PINK - BIKINI - Kisses and Love","robots":{"index":"index","follow":"follow","max-snippet":"max-snippet:-1","max-image-preview":"max-image-preview:large","max-video-preview":"max-video-preview:-1"},"canonical":"https:\/\/kissesandlove.eu\/en\/store\/ruhazat\/furdoruhak\/radiance-pink-bikini\/","og_locale":"en_GB","og_type":"article","og_title":"RADIANCE PINK - BIKINI - Kisses and Love","og_description":"Az els\u0151 k\u00e9pen l\u00e1thatod az \u00e1ltalad v\u00e1laszott bikini sz\u00edn\u00e9t, a t\u00f6bbi k\u00e9pen pedig felv\u00e9ve szerepel (m\u00e1s sz\u00ednben).  Cser\u00e9re \u00e9s visszak\u00fcld\u00e9sre a f\u00fcrd\u0151ruh\u00e1k eset\u00e9ben higi\u00e9niai okokb\u00f3l nincs lehet\u0151s\u00e9g.  A fels\u0151 r\u00e9sze v\u00e9kony, kivehet\u0151 szivacsr\u00e9teggel ell\u00e1tott.","og_url":"https:\/\/kissesandlove.eu\/en\/store\/ruhazat\/furdoruhak\/radiance-pink-bikini\/","og_site_name":"Kisses and Love","article_publisher":"https:\/\/www.facebook.com\/kissesandlovestore","article_modified_time":"2025-06-30T07:08:03+00:00","og_image":[{"width":1783,"height":1783,"url":"https:\/\/kissesandlove.eu\/wp-content\/uploads\/2021\/05\/29D5887B-8EAD-4E98-A50A-5BA6A2D52814.jpeg","type":"image\/jpeg"}],"twitter_card":"summary_large_image","twitter_misc":{"Estimated reading time":"1 minute"},"schema":{"@context":"https:\/\/schema.org","@graph":[{"@type":"WebPage","@id":"https:\/\/kissesandlove.eu\/store\/ruhazat\/furdoruhak\/radiance-pink-bikini\/","url":"https:\/\/kissesandlove.eu\/store\/ruhazat\/furdoruhak\/radiance-pink-bikini\/","name":"RADIANCE PINK - BIKINI - Kisses and Love","isPartOf":{"@id":"https:\/\/kissesandlove.eu\/#website"},"primaryImageOfPage":{"@id":"https:\/\/kissesandlove.eu\/store\/ruhazat\/furdoruhak\/radiance-pink-bikini\/#primaryimage"},"image":{"@id":"https:\/\/kissesandlove.eu\/store\/ruhazat\/furdoruhak\/radiance-pink-bikini\/#primaryimage"},"thumbnailUrl":"https:\/\/i0.wp.com\/kissesandlove.eu\/wp-content\/uploads\/2021\/05\/29D5887B-8EAD-4E98-A50A-5BA6A2D52814.jpeg?fit=1783%2C1783&ssl=1","datePublished":"2021-05-13T09:52:22+00:00","dateModified":"2025-06-30T07:08:03+00:00","breadcrumb":{"@id":"https:\/\/kissesandlove.eu\/store\/ruhazat\/furdoruhak\/radiance-pink-bikini\/#breadcrumb"},"inLanguage":"en-GB","potentialAction":[{"@type":"ReadAction","target":["https:\/\/kissesandlove.eu\/store\/ruhazat\/furdoruhak\/radiance-pink-bikini\/"]}]},{"@type":"ImageObject","inLanguage":"en-GB","@id":"https:\/\/kissesandlove.eu\/store\/ruhazat\/furdoruhak\/radiance-pink-bikini\/#primaryimage","url":"https:\/\/i0.wp.com\/kissesandlove.eu\/wp-content\/uploads\/2021\/05\/29D5887B-8EAD-4E98-A50A-5BA6A2D52814.jpeg?fit=1783%2C1783&ssl=1","contentUrl":"https:\/\/i0.wp.com\/kissesandlove.eu\/wp-content\/uploads\/2021\/05\/29D5887B-8EAD-4E98-A50A-5BA6A2D52814.jpeg?fit=1783%2C1783&ssl=1","width":1783,"height":1783,"caption":"{\"source_sid\":\"EB019872-D17E-4D3F-AA73-BC17CD4A826C_1618420245967\",\"subsource\":\"done_button\",\"uid\":\"EB019872-D17E-4D3F-AA73-BC17CD4A826C_1618420245960\",\"source\":\"other\",\"origin\":\"gallery\"}"},{"@type":"BreadcrumbList","@id":"https:\/\/kissesandlove.eu\/store\/ruhazat\/furdoruhak\/radiance-pink-bikini\/#breadcrumb","itemListElement":[{"@type":"ListItem","position":1,"name":"Home","item":"https:\/\/kissesandlove.eu\/"},{"@type":"ListItem","position":2,"name":"\u00dczlet","item":"https:\/\/kissesandlove.eu\/de\/uzlet\/"},{"@type":"ListItem","position":3,"name":"RADIANCE PINK &#8211; BIKINI"}]},{"@type":"WebSite","@id":"https:\/\/kissesandlove.eu\/#website","url":"https:\/\/kissesandlove.eu\/","name":"Kisses and Love","description":"Online Fashion Store","publisher":{"@id":"https:\/\/kissesandlove.eu\/#organization"},"potentialAction":[{"@type":"SearchAction","target":{"@type":"EntryPoint","urlTemplate":"https:\/\/kissesandlove.eu\/?s={search_term_string}"},"query-input":{"@type":"PropertyValueSpecification","valueRequired":true,"valueName":"search_term_string"}}],"inLanguage":"en-GB"},{"@type":"Organization","@id":"https:\/\/kissesandlove.eu\/#organization","name":"VR Operation Kft.","url":"https:\/\/kissesandlove.eu\/","logo":{"@type":"ImageObject","inLanguage":"en-GB","@id":"https:\/\/kissesandlove.eu\/#\/schema\/logo\/image\/","url":"https:\/\/i0.wp.com\/kissesandlove.eu\/wp-content\/uploads\/2020\/07\/kisses-and-love-banner_website-logo-02.png?fit=2391%2C600&ssl=1","contentUrl":"https:\/\/i0.wp.com\/kissesandlove.eu\/wp-content\/uploads\/2020\/07\/kisses-and-love-banner_website-logo-02.png?fit=2391%2C600&ssl=1","width":2391,"height":600,"caption":"VR Operation Kft."},"image":{"@id":"https:\/\/kissesandlove.eu\/#\/schema\/logo\/image\/"},"sameAs":["https:\/\/www.facebook.com\/kissesandlovestore","https:\/\/www.instagram.com\/kissesandlove_store"]}]}},"jetpack_sharing_enabled":true,"_links":{"self":[{"href":"https:\/\/kissesandlove.eu\/en\/wp-json\/wp\/v2\/product\/42820","targetHints":{"allow":["GET"]}}],"collection":[{"href":"https:\/\/kissesandlove.eu\/en\/wp-json\/wp\/v2\/product"}],"about":[{"href":"https:\/\/kissesandlove.eu\/en\/wp-json\/wp\/v2\/types\/product"}],"replies":[{"embeddable":true,"href":"https:\/\/kissesandlove.eu\/en\/wp-json\/wp\/v2\/comments?post=42820"}],"version-history":[{"count":3,"href":"https:\/\/kissesandlove.eu\/en\/wp-json\/wp\/v2\/product\/42820\/revisions"}],"predecessor-version":[{"id":42883,"href":"https:\/\/kissesandlove.eu\/en\/wp-json\/wp\/v2\/product\/42820\/revisions\/42883"}],"wp:featuredmedia":[{"embeddable":true,"href":"https:\/\/kissesandlove.eu\/en\/wp-json\/wp\/v2\/media\/42733"}],"wp:attachment":[{"href":"https:\/\/kissesandlove.eu\/en\/wp-json\/wp\/v2\/media?parent=42820"}],"wp:term":[{"taxonomy":"product_brand","embeddable":true,"href":"https:\/\/kissesandlove.eu\/en\/wp-json\/wp\/v2\/product_brand?post=42820"},{"taxonomy":"product_cat","embeddable":true,"href":"https:\/\/kissesandlove.eu\/en\/wp-json\/wp\/v2\/product_cat?post=42820"},{"taxonomy":"product_tag","embeddable":true,"href":"https:\/\/kissesandlove.eu\/en\/wp-json\/wp\/v2\/product_tag?post=42820"}],"curies":[{"name":"wp","href":"https:\/\/api.w.org\/{rel}","templated":true}]}}