{"id":46964,"date":"2022-03-19T11:54:07","date_gmt":"2022-03-19T09:54:07","guid":{"rendered":"https:\/\/kissesandlove.eu\/?post_type=product&#038;p=46964"},"modified":"2025-05-20T08:09:56","modified_gmt":"2025-05-20T06:09:56","slug":"bella-ruha-tobb-szinben","status":"publish","type":"product","link":"https:\/\/kissesandlove.eu\/en\/store\/ruhazat\/ruhak\/bella-ruha-tobb-szinben\/","title":{"rendered":"BELLA &#8211; RUHA 3 SZ\u00cdNBEN"},"content":{"rendered":"<p>Der\u00e9kt\u00f3l felfele cipz\u00e1ros. Rugalmas anyag. S-M m\u00e9retre aj\u00e1nlott.<\/p>\n<p>Mellb\u0151s\u00e9g 80cm<\/p>\n<p>Der\u00e9kb\u0151s\u00e9g 66cm<\/p>\n<p>Cs\u00edp\u0151b\u0151s\u00e8g 75cm<\/p>","protected":false},"excerpt":{"rendered":"<p>Der\u00e9kt\u00f3l felfele cipz\u00e1ros. Rugalmas anyag. S-M m\u00e9retre aj\u00e1nlott. Mellb\u0151s\u00e9g 80cm Der\u00e9kb\u0151s\u00e9g 66cm Cs\u00edp\u0151b\u0151s\u00e8g 75cm<\/p>","protected":false},"featured_media":47543,"comment_status":"open","ping_status":"closed","template":"","meta":{"site-sidebar-layout":"default","site-content-layout":"default","ast-site-content-layout":"default","site-content-style":"default","site-sidebar-style":"default","ast-global-header-display":"","ast-banner-title-visibility":"","ast-main-header-display":"","ast-hfb-above-header-display":"","ast-hfb-below-header-display":"","ast-hfb-mobile-header-display":"","site-post-title":"","ast-breadcrumbs-content":"","ast-featured-img":"","footer-sml-layout":"","theme-transparent-header-meta":"default","adv-header-id-meta":"","stick-header-meta":"","header-above-stick-meta":"","header-main-stick-meta":"","header-below-stick-meta":"","astra-migrate-meta-layouts":"set","ast-page-background-enabled":"default","ast-page-background-meta":{"desktop":{"background-color":"","background-image":"","background-repeat":"repeat","background-position":"center center","background-size":"auto","background-attachment":"scroll","background-type":"","background-media":"","overlay-type":"","overlay-color":"","overlay-gradient":""},"tablet":{"background-color":"","background-image":"","background-repeat":"repeat","background-position":"center center","background-size":"auto","background-attachment":"scroll","background-type":"","background-media":"","overlay-type":"","overlay-color":"","overlay-gradient":""},"mobile":{"background-color":"","background-image":"","background-repeat":"repeat","background-position":"center center","background-size":"auto","background-attachment":"scroll","background-type":"","background-media":"","overlay-type":"","overlay-color":"","overlay-gradient":""}},"ast-content-background-meta":{"desktop":{"background-color":"var(--ast-global-color-5)","background-image":"","background-repeat":"repeat","background-position":"center center","background-size":"auto","background-attachment":"scroll","background-type":"","background-media":"","overlay-type":"","overlay-color":"","overlay-gradient":""},"tablet":{"background-color":"var(--ast-global-color-5)","background-image":"","background-repeat":"repeat","background-position":"center center","background-size":"auto","background-attachment":"scroll","background-type":"","background-media":"","overlay-type":"","overlay-color":"","overlay-gradient":""},"mobile":{"background-color":"var(--ast-global-color-5)","background-image":"","background-repeat":"repeat","background-position":"center center","background-size":"auto","background-attachment":"scroll","background-type":"","background-media":"","overlay-type":"","overlay-color":"","overlay-gradient":""}}},"product_brand":[],"product_cat":[67],"product_tag":[],"class_list":{"0":"post-46964","1":"product","2":"type-product","3":"status-publish","4":"has-post-thumbnail","6":"product_cat-ruhak","7":"desktop-align-left","8":"tablet-align-left","9":"mobile-align-left","11":"first","12":"instock","13":"taxable","14":"shipping-taxable","15":"purchasable","16":"product-type-variable"},"yoast_head":"<!-- This site is optimized with the Yoast SEO plugin v25.2 - https:\/\/yoast.com\/wordpress\/plugins\/seo\/ -->\n<title>BELLA - RUHA 3 SZ\u00cdNBEN - Kisses and Love<\/title>\n<meta name=\"robots\" content=\"index, follow, max-snippet:-1, max-image-preview:large, max-video-preview:-1\" \/>\n<link rel=\"canonical\" href=\"https:\/\/kissesandlove.eu\/en\/store\/ruhazat\/ruhak\/bella-ruha-tobb-szinben\/\" \/>\n<meta property=\"og:locale\" content=\"en_GB\" \/>\n<meta property=\"og:type\" content=\"article\" \/>\n<meta property=\"og:title\" content=\"BELLA - RUHA 3 SZ\u00cdNBEN - Kisses and Love\" \/>\n<meta property=\"og:description\" content=\"Der\u00e9kt\u00f3l felfele cipz\u00e1ros. Rugalmas anyag. S-M m\u00e9retre aj\u00e1nlott. Mellb\u0151s\u00e9g 80cm Der\u00e9kb\u0151s\u00e9g 66cm Cs\u00edp\u0151b\u0151s\u00e8g 75cm\" \/>\n<meta property=\"og:url\" content=\"https:\/\/kissesandlove.eu\/en\/store\/ruhazat\/ruhak\/bella-ruha-tobb-szinben\/\" \/>\n<meta property=\"og:site_name\" content=\"Kisses and Love\" \/>\n<meta property=\"article:publisher\" content=\"https:\/\/www.facebook.com\/kissesandlovestore\" \/>\n<meta property=\"article:modified_time\" content=\"2025-05-20T06:09:56+00:00\" \/>\n<meta property=\"og:image\" content=\"https:\/\/kissesandlove.eu\/wp-content\/uploads\/2022\/03\/02861F53-C15D-4FC3-BF05-57B0D7D64026.jpg\" \/>\n\t<meta property=\"og:image:width\" content=\"1440\" \/>\n\t<meta property=\"og:image:height\" content=\"1800\" \/>\n\t<meta property=\"og:image:type\" content=\"image\/jpeg\" \/>\n<meta name=\"twitter:card\" content=\"summary_large_image\" \/>\n<meta name=\"twitter:label1\" content=\"Estimated reading time\" \/>\n\t<meta name=\"twitter:data1\" content=\"1 minute\" \/>\n<script type=\"application\/ld+json\" class=\"yoast-schema-graph\">{\"@context\":\"https:\/\/schema.org\",\"@graph\":[{\"@type\":\"WebPage\",\"@id\":\"https:\/\/kissesandlove.eu\/store\/ruhazat\/ruhak\/bella-ruha-tobb-szinben\/\",\"url\":\"https:\/\/kissesandlove.eu\/store\/ruhazat\/ruhak\/bella-ruha-tobb-szinben\/\",\"name\":\"BELLA - RUHA 3 SZ\u00cdNBEN - Kisses and Love\",\"isPartOf\":{\"@id\":\"https:\/\/kissesandlove.eu\/#website\"},\"primaryImageOfPage\":{\"@id\":\"https:\/\/kissesandlove.eu\/store\/ruhazat\/ruhak\/bella-ruha-tobb-szinben\/#primaryimage\"},\"image\":{\"@id\":\"https:\/\/kissesandlove.eu\/store\/ruhazat\/ruhak\/bella-ruha-tobb-szinben\/#primaryimage\"},\"thumbnailUrl\":\"https:\/\/i0.wp.com\/kissesandlove.eu\/wp-content\/uploads\/2022\/03\/02861F53-C15D-4FC3-BF05-57B0D7D64026.jpg?fit=1440%2C1800&ssl=1\",\"datePublished\":\"2022-03-19T09:54:07+00:00\",\"dateModified\":\"2025-05-20T06:09:56+00:00\",\"breadcrumb\":{\"@id\":\"https:\/\/kissesandlove.eu\/store\/ruhazat\/ruhak\/bella-ruha-tobb-szinben\/#breadcrumb\"},\"inLanguage\":\"en-GB\",\"potentialAction\":[{\"@type\":\"ReadAction\",\"target\":[\"https:\/\/kissesandlove.eu\/store\/ruhazat\/ruhak\/bella-ruha-tobb-szinben\/\"]}]},{\"@type\":\"ImageObject\",\"inLanguage\":\"en-GB\",\"@id\":\"https:\/\/kissesandlove.eu\/store\/ruhazat\/ruhak\/bella-ruha-tobb-szinben\/#primaryimage\",\"url\":\"https:\/\/i0.wp.com\/kissesandlove.eu\/wp-content\/uploads\/2022\/03\/02861F53-C15D-4FC3-BF05-57B0D7D64026.jpg?fit=1440%2C1800&ssl=1\",\"contentUrl\":\"https:\/\/i0.wp.com\/kissesandlove.eu\/wp-content\/uploads\/2022\/03\/02861F53-C15D-4FC3-BF05-57B0D7D64026.jpg?fit=1440%2C1800&ssl=1\",\"width\":1440,\"height\":1800},{\"@type\":\"BreadcrumbList\",\"@id\":\"https:\/\/kissesandlove.eu\/store\/ruhazat\/ruhak\/bella-ruha-tobb-szinben\/#breadcrumb\",\"itemListElement\":[{\"@type\":\"ListItem\",\"position\":1,\"name\":\"Home\",\"item\":\"https:\/\/kissesandlove.eu\/\"},{\"@type\":\"ListItem\",\"position\":2,\"name\":\"\u00dczlet\",\"item\":\"https:\/\/kissesandlove.eu\/de\/uzlet\/\"},{\"@type\":\"ListItem\",\"position\":3,\"name\":\"BELLA &#8211; RUHA 3 SZ\u00cdNBEN\"}]},{\"@type\":\"WebSite\",\"@id\":\"https:\/\/kissesandlove.eu\/#website\",\"url\":\"https:\/\/kissesandlove.eu\/\",\"name\":\"Kisses and Love\",\"description\":\"Online Fashion Store\",\"publisher\":{\"@id\":\"https:\/\/kissesandlove.eu\/#organization\"},\"potentialAction\":[{\"@type\":\"SearchAction\",\"target\":{\"@type\":\"EntryPoint\",\"urlTemplate\":\"https:\/\/kissesandlove.eu\/?s={search_term_string}\"},\"query-input\":{\"@type\":\"PropertyValueSpecification\",\"valueRequired\":true,\"valueName\":\"search_term_string\"}}],\"inLanguage\":\"en-GB\"},{\"@type\":\"Organization\",\"@id\":\"https:\/\/kissesandlove.eu\/#organization\",\"name\":\"VR Operation Kft.\",\"url\":\"https:\/\/kissesandlove.eu\/\",\"logo\":{\"@type\":\"ImageObject\",\"inLanguage\":\"en-GB\",\"@id\":\"https:\/\/kissesandlove.eu\/#\/schema\/logo\/image\/\",\"url\":\"https:\/\/i0.wp.com\/kissesandlove.eu\/wp-content\/uploads\/2020\/07\/kisses-and-love-banner_website-logo-02.png?fit=2391%2C600&ssl=1\",\"contentUrl\":\"https:\/\/i0.wp.com\/kissesandlove.eu\/wp-content\/uploads\/2020\/07\/kisses-and-love-banner_website-logo-02.png?fit=2391%2C600&ssl=1\",\"width\":2391,\"height\":600,\"caption\":\"VR Operation Kft.\"},\"image\":{\"@id\":\"https:\/\/kissesandlove.eu\/#\/schema\/logo\/image\/\"},\"sameAs\":[\"https:\/\/www.facebook.com\/kissesandlovestore\",\"https:\/\/www.instagram.com\/kissesandlove_store\"]}]}<\/script>\n<!-- \/ Yoast SEO plugin. -->","yoast_head_json":{"title":"BELLA - RUHA 3 SZ\u00cdNBEN - Kisses and Love","robots":{"index":"index","follow":"follow","max-snippet":"max-snippet:-1","max-image-preview":"max-image-preview:large","max-video-preview":"max-video-preview:-1"},"canonical":"https:\/\/kissesandlove.eu\/en\/store\/ruhazat\/ruhak\/bella-ruha-tobb-szinben\/","og_locale":"en_GB","og_type":"article","og_title":"BELLA - RUHA 3 SZ\u00cdNBEN - Kisses and Love","og_description":"Der\u00e9kt\u00f3l felfele cipz\u00e1ros. Rugalmas anyag. S-M m\u00e9retre aj\u00e1nlott. Mellb\u0151s\u00e9g 80cm Der\u00e9kb\u0151s\u00e9g 66cm Cs\u00edp\u0151b\u0151s\u00e8g 75cm","og_url":"https:\/\/kissesandlove.eu\/en\/store\/ruhazat\/ruhak\/bella-ruha-tobb-szinben\/","og_site_name":"Kisses and Love","article_publisher":"https:\/\/www.facebook.com\/kissesandlovestore","article_modified_time":"2025-05-20T06:09:56+00:00","og_image":[{"width":1440,"height":1800,"url":"https:\/\/kissesandlove.eu\/wp-content\/uploads\/2022\/03\/02861F53-C15D-4FC3-BF05-57B0D7D64026.jpg","type":"image\/jpeg"}],"twitter_card":"summary_large_image","twitter_misc":{"Estimated reading time":"1 minute"},"schema":{"@context":"https:\/\/schema.org","@graph":[{"@type":"WebPage","@id":"https:\/\/kissesandlove.eu\/store\/ruhazat\/ruhak\/bella-ruha-tobb-szinben\/","url":"https:\/\/kissesandlove.eu\/store\/ruhazat\/ruhak\/bella-ruha-tobb-szinben\/","name":"BELLA - RUHA 3 SZ\u00cdNBEN - Kisses and Love","isPartOf":{"@id":"https:\/\/kissesandlove.eu\/#website"},"primaryImageOfPage":{"@id":"https:\/\/kissesandlove.eu\/store\/ruhazat\/ruhak\/bella-ruha-tobb-szinben\/#primaryimage"},"image":{"@id":"https:\/\/kissesandlove.eu\/store\/ruhazat\/ruhak\/bella-ruha-tobb-szinben\/#primaryimage"},"thumbnailUrl":"https:\/\/i0.wp.com\/kissesandlove.eu\/wp-content\/uploads\/2022\/03\/02861F53-C15D-4FC3-BF05-57B0D7D64026.jpg?fit=1440%2C1800&ssl=1","datePublished":"2022-03-19T09:54:07+00:00","dateModified":"2025-05-20T06:09:56+00:00","breadcrumb":{"@id":"https:\/\/kissesandlove.eu\/store\/ruhazat\/ruhak\/bella-ruha-tobb-szinben\/#breadcrumb"},"inLanguage":"en-GB","potentialAction":[{"@type":"ReadAction","target":["https:\/\/kissesandlove.eu\/store\/ruhazat\/ruhak\/bella-ruha-tobb-szinben\/"]}]},{"@type":"ImageObject","inLanguage":"en-GB","@id":"https:\/\/kissesandlove.eu\/store\/ruhazat\/ruhak\/bella-ruha-tobb-szinben\/#primaryimage","url":"https:\/\/i0.wp.com\/kissesandlove.eu\/wp-content\/uploads\/2022\/03\/02861F53-C15D-4FC3-BF05-57B0D7D64026.jpg?fit=1440%2C1800&ssl=1","contentUrl":"https:\/\/i0.wp.com\/kissesandlove.eu\/wp-content\/uploads\/2022\/03\/02861F53-C15D-4FC3-BF05-57B0D7D64026.jpg?fit=1440%2C1800&ssl=1","width":1440,"height":1800},{"@type":"BreadcrumbList","@id":"https:\/\/kissesandlove.eu\/store\/ruhazat\/ruhak\/bella-ruha-tobb-szinben\/#breadcrumb","itemListElement":[{"@type":"ListItem","position":1,"name":"Home","item":"https:\/\/kissesandlove.eu\/"},{"@type":"ListItem","position":2,"name":"\u00dczlet","item":"https:\/\/kissesandlove.eu\/de\/uzlet\/"},{"@type":"ListItem","position":3,"name":"BELLA &#8211; RUHA 3 SZ\u00cdNBEN"}]},{"@type":"WebSite","@id":"https:\/\/kissesandlove.eu\/#website","url":"https:\/\/kissesandlove.eu\/","name":"Kisses and Love","description":"Online Fashion Store","publisher":{"@id":"https:\/\/kissesandlove.eu\/#organization"},"potentialAction":[{"@type":"SearchAction","target":{"@type":"EntryPoint","urlTemplate":"https:\/\/kissesandlove.eu\/?s={search_term_string}"},"query-input":{"@type":"PropertyValueSpecification","valueRequired":true,"valueName":"search_term_string"}}],"inLanguage":"en-GB"},{"@type":"Organization","@id":"https:\/\/kissesandlove.eu\/#organization","name":"VR Operation Kft.","url":"https:\/\/kissesandlove.eu\/","logo":{"@type":"ImageObject","inLanguage":"en-GB","@id":"https:\/\/kissesandlove.eu\/#\/schema\/logo\/image\/","url":"https:\/\/i0.wp.com\/kissesandlove.eu\/wp-content\/uploads\/2020\/07\/kisses-and-love-banner_website-logo-02.png?fit=2391%2C600&ssl=1","contentUrl":"https:\/\/i0.wp.com\/kissesandlove.eu\/wp-content\/uploads\/2020\/07\/kisses-and-love-banner_website-logo-02.png?fit=2391%2C600&ssl=1","width":2391,"height":600,"caption":"VR Operation Kft."},"image":{"@id":"https:\/\/kissesandlove.eu\/#\/schema\/logo\/image\/"},"sameAs":["https:\/\/www.facebook.com\/kissesandlovestore","https:\/\/www.instagram.com\/kissesandlove_store"]}]}},"jetpack_sharing_enabled":true,"_links":{"self":[{"href":"https:\/\/kissesandlove.eu\/en\/wp-json\/wp\/v2\/product\/46964","targetHints":{"allow":["GET"]}}],"collection":[{"href":"https:\/\/kissesandlove.eu\/en\/wp-json\/wp\/v2\/product"}],"about":[{"href":"https:\/\/kissesandlove.eu\/en\/wp-json\/wp\/v2\/types\/product"}],"replies":[{"embeddable":true,"href":"https:\/\/kissesandlove.eu\/en\/wp-json\/wp\/v2\/comments?post=46964"}],"version-history":[{"count":4,"href":"https:\/\/kissesandlove.eu\/en\/wp-json\/wp\/v2\/product\/46964\/revisions"}],"predecessor-version":[{"id":51688,"href":"https:\/\/kissesandlove.eu\/en\/wp-json\/wp\/v2\/product\/46964\/revisions\/51688"}],"wp:featuredmedia":[{"embeddable":true,"href":"https:\/\/kissesandlove.eu\/en\/wp-json\/wp\/v2\/media\/47543"}],"wp:attachment":[{"href":"https:\/\/kissesandlove.eu\/en\/wp-json\/wp\/v2\/media?parent=46964"}],"wp:term":[{"taxonomy":"product_brand","embeddable":true,"href":"https:\/\/kissesandlove.eu\/en\/wp-json\/wp\/v2\/product_brand?post=46964"},{"taxonomy":"product_cat","embeddable":true,"href":"https:\/\/kissesandlove.eu\/en\/wp-json\/wp\/v2\/product_cat?post=46964"},{"taxonomy":"product_tag","embeddable":true,"href":"https:\/\/kissesandlove.eu\/en\/wp-json\/wp\/v2\/product_tag?post=46964"}],"curies":[{"name":"wp","href":"https:\/\/api.w.org\/{rel}","templated":true}]}}