{"id":51932,"date":"2024-09-12T19:00:02","date_gmt":"2024-09-12T17:00:02","guid":{"rendered":"https:\/\/kissesandlove.eu\/?post_type=product&#038;p=51932"},"modified":"2025-05-21T10:32:18","modified_gmt":"2025-05-21T08:32:18","slug":"cozy-melegito-tobb-szinben","status":"publish","type":"product","link":"https:\/\/kissesandlove.eu\/en\/store\/ruhazat\/puloverek\/cozy-melegito-tobb-szinben\/","title":{"rendered":"COZY &#8211; MELEG\u00cdT\u0150 T\u00d6BB SZ\u00cdNBEN"},"content":{"rendered":"","protected":false},"excerpt":{"rendered":"","protected":false},"featured_media":52168,"comment_status":"open","ping_status":"closed","template":"","meta":{"site-sidebar-layout":"default","site-content-layout":"","ast-site-content-layout":"default","site-content-style":"default","site-sidebar-style":"default","ast-global-header-display":"","ast-banner-title-visibility":"","ast-main-header-display":"","ast-hfb-above-header-display":"","ast-hfb-below-header-display":"","ast-hfb-mobile-header-display":"","site-post-title":"","ast-breadcrumbs-content":"","ast-featured-img":"","footer-sml-layout":"","theme-transparent-header-meta":"default","adv-header-id-meta":"","stick-header-meta":"","header-above-stick-meta":"","header-main-stick-meta":"","header-below-stick-meta":"","astra-migrate-meta-layouts":"set","ast-page-background-enabled":"default","ast-page-background-meta":{"desktop":{"background-color":"","background-image":"","background-repeat":"repeat","background-position":"center center","background-size":"auto","background-attachment":"scroll","background-type":"","background-media":"","overlay-type":"","overlay-color":"","overlay-gradient":""},"tablet":{"background-color":"","background-image":"","background-repeat":"repeat","background-position":"center center","background-size":"auto","background-attachment":"scroll","background-type":"","background-media":"","overlay-type":"","overlay-color":"","overlay-gradient":""},"mobile":{"background-color":"","background-image":"","background-repeat":"repeat","background-position":"center center","background-size":"auto","background-attachment":"scroll","background-type":"","background-media":"","overlay-type":"","overlay-color":"","overlay-gradient":""}},"ast-content-background-meta":{"desktop":{"background-color":"var(--ast-global-color-5)","background-image":"","background-repeat":"repeat","background-position":"center center","background-size":"auto","background-attachment":"scroll","background-type":"","background-media":"","overlay-type":"","overlay-color":"","overlay-gradient":""},"tablet":{"background-color":"var(--ast-global-color-5)","background-image":"","background-repeat":"repeat","background-position":"center center","background-size":"auto","background-attachment":"scroll","background-type":"","background-media":"","overlay-type":"","overlay-color":"","overlay-gradient":""},"mobile":{"background-color":"var(--ast-global-color-5)","background-image":"","background-repeat":"repeat","background-position":"center center","background-size":"auto","background-attachment":"scroll","background-type":"","background-media":"","overlay-type":"","overlay-color":"","overlay-gradient":""}}},"product_brand":[],"product_cat":[68,65,129],"product_tag":[],"class_list":{"0":"post-51932","1":"product","2":"type-product","3":"status-publish","4":"has-post-thumbnail","6":"product_cat-nadragok-szoknyak","7":"product_cat-puloverek","8":"product_cat-utolso-darabok","9":"desktop-align-left","10":"tablet-align-left","11":"mobile-align-left","13":"first","14":"instock","15":"sale","16":"taxable","17":"shipping-taxable","18":"purchasable","19":"product-type-variable"},"yoast_head":"<!-- This site is optimized with the Yoast SEO plugin v25.2 - https:\/\/yoast.com\/wordpress\/plugins\/seo\/ -->\n<title>COZY - MELEG\u00cdT\u0150 T\u00d6BB SZ\u00cdNBEN - Kisses and Love<\/title>\n<meta name=\"robots\" content=\"index, follow, max-snippet:-1, max-image-preview:large, max-video-preview:-1\" \/>\n<link rel=\"canonical\" href=\"https:\/\/kissesandlove.eu\/en\/store\/ruhazat\/puloverek\/cozy-melegito-tobb-szinben\/\" \/>\n<meta property=\"og:locale\" content=\"en_GB\" \/>\n<meta property=\"og:type\" content=\"article\" \/>\n<meta property=\"og:title\" content=\"COZY - MELEG\u00cdT\u0150 T\u00d6BB SZ\u00cdNBEN - Kisses and Love\" \/>\n<meta property=\"og:url\" content=\"https:\/\/kissesandlove.eu\/en\/store\/ruhazat\/puloverek\/cozy-melegito-tobb-szinben\/\" \/>\n<meta property=\"og:site_name\" content=\"Kisses and Love\" \/>\n<meta property=\"article:publisher\" content=\"https:\/\/www.facebook.com\/kissesandlovestore\" \/>\n<meta property=\"article:modified_time\" content=\"2025-05-21T08:32:18+00:00\" \/>\n<meta property=\"og:image\" content=\"https:\/\/kissesandlove.eu\/wp-content\/uploads\/2024\/09\/IMG_4319.jpeg\" \/>\n\t<meta property=\"og:image:width\" content=\"1290\" \/>\n\t<meta property=\"og:image:height\" content=\"1581\" \/>\n\t<meta property=\"og:image:type\" content=\"image\/jpeg\" \/>\n<meta name=\"twitter:card\" content=\"summary_large_image\" \/>\n<meta name=\"twitter:label1\" content=\"Estimated reading time\" \/>\n\t<meta name=\"twitter:data1\" content=\"1 minute\" \/>\n<script type=\"application\/ld+json\" class=\"yoast-schema-graph\">{\"@context\":\"https:\/\/schema.org\",\"@graph\":[{\"@type\":\"WebPage\",\"@id\":\"https:\/\/kissesandlove.eu\/store\/ruhazat\/puloverek\/cozy-melegito-tobb-szinben\/\",\"url\":\"https:\/\/kissesandlove.eu\/store\/ruhazat\/puloverek\/cozy-melegito-tobb-szinben\/\",\"name\":\"COZY - MELEG\u00cdT\u0150 T\u00d6BB SZ\u00cdNBEN - Kisses and Love\",\"isPartOf\":{\"@id\":\"https:\/\/kissesandlove.eu\/#website\"},\"primaryImageOfPage\":{\"@id\":\"https:\/\/kissesandlove.eu\/store\/ruhazat\/puloverek\/cozy-melegito-tobb-szinben\/#primaryimage\"},\"image\":{\"@id\":\"https:\/\/kissesandlove.eu\/store\/ruhazat\/puloverek\/cozy-melegito-tobb-szinben\/#primaryimage\"},\"thumbnailUrl\":\"https:\/\/i0.wp.com\/kissesandlove.eu\/wp-content\/uploads\/2024\/09\/IMG_4319.jpeg?fit=1290%2C1581&ssl=1\",\"datePublished\":\"2024-09-12T17:00:02+00:00\",\"dateModified\":\"2025-05-21T08:32:18+00:00\",\"breadcrumb\":{\"@id\":\"https:\/\/kissesandlove.eu\/store\/ruhazat\/puloverek\/cozy-melegito-tobb-szinben\/#breadcrumb\"},\"inLanguage\":\"en-GB\",\"potentialAction\":[{\"@type\":\"ReadAction\",\"target\":[\"https:\/\/kissesandlove.eu\/store\/ruhazat\/puloverek\/cozy-melegito-tobb-szinben\/\"]}]},{\"@type\":\"ImageObject\",\"inLanguage\":\"en-GB\",\"@id\":\"https:\/\/kissesandlove.eu\/store\/ruhazat\/puloverek\/cozy-melegito-tobb-szinben\/#primaryimage\",\"url\":\"https:\/\/i0.wp.com\/kissesandlove.eu\/wp-content\/uploads\/2024\/09\/IMG_4319.jpeg?fit=1290%2C1581&ssl=1\",\"contentUrl\":\"https:\/\/i0.wp.com\/kissesandlove.eu\/wp-content\/uploads\/2024\/09\/IMG_4319.jpeg?fit=1290%2C1581&ssl=1\",\"width\":1290,\"height\":1581,\"caption\":\"Screenshot\"},{\"@type\":\"BreadcrumbList\",\"@id\":\"https:\/\/kissesandlove.eu\/store\/ruhazat\/puloverek\/cozy-melegito-tobb-szinben\/#breadcrumb\",\"itemListElement\":[{\"@type\":\"ListItem\",\"position\":1,\"name\":\"Home\",\"item\":\"https:\/\/kissesandlove.eu\/\"},{\"@type\":\"ListItem\",\"position\":2,\"name\":\"\u00dczlet\",\"item\":\"https:\/\/kissesandlove.eu\/de\/uzlet\/\"},{\"@type\":\"ListItem\",\"position\":3,\"name\":\"COZY &#8211; MELEG\u00cdT\u0150 T\u00d6BB SZ\u00cdNBEN\"}]},{\"@type\":\"WebSite\",\"@id\":\"https:\/\/kissesandlove.eu\/#website\",\"url\":\"https:\/\/kissesandlove.eu\/\",\"name\":\"Kisses and Love\",\"description\":\"Online Fashion Store\",\"publisher\":{\"@id\":\"https:\/\/kissesandlove.eu\/#organization\"},\"potentialAction\":[{\"@type\":\"SearchAction\",\"target\":{\"@type\":\"EntryPoint\",\"urlTemplate\":\"https:\/\/kissesandlove.eu\/?s={search_term_string}\"},\"query-input\":{\"@type\":\"PropertyValueSpecification\",\"valueRequired\":true,\"valueName\":\"search_term_string\"}}],\"inLanguage\":\"en-GB\"},{\"@type\":\"Organization\",\"@id\":\"https:\/\/kissesandlove.eu\/#organization\",\"name\":\"VR Operation Kft.\",\"url\":\"https:\/\/kissesandlove.eu\/\",\"logo\":{\"@type\":\"ImageObject\",\"inLanguage\":\"en-GB\",\"@id\":\"https:\/\/kissesandlove.eu\/#\/schema\/logo\/image\/\",\"url\":\"https:\/\/i0.wp.com\/kissesandlove.eu\/wp-content\/uploads\/2020\/07\/kisses-and-love-banner_website-logo-02.png?fit=2391%2C600&ssl=1\",\"contentUrl\":\"https:\/\/i0.wp.com\/kissesandlove.eu\/wp-content\/uploads\/2020\/07\/kisses-and-love-banner_website-logo-02.png?fit=2391%2C600&ssl=1\",\"width\":2391,\"height\":600,\"caption\":\"VR Operation Kft.\"},\"image\":{\"@id\":\"https:\/\/kissesandlove.eu\/#\/schema\/logo\/image\/\"},\"sameAs\":[\"https:\/\/www.facebook.com\/kissesandlovestore\",\"https:\/\/www.instagram.com\/kissesandlove_store\"]}]}<\/script>\n<!-- \/ Yoast SEO plugin. -->","yoast_head_json":{"title":"COZY - MELEG\u00cdT\u0150 T\u00d6BB SZ\u00cdNBEN - Kisses and Love","robots":{"index":"index","follow":"follow","max-snippet":"max-snippet:-1","max-image-preview":"max-image-preview:large","max-video-preview":"max-video-preview:-1"},"canonical":"https:\/\/kissesandlove.eu\/en\/store\/ruhazat\/puloverek\/cozy-melegito-tobb-szinben\/","og_locale":"en_GB","og_type":"article","og_title":"COZY - MELEG\u00cdT\u0150 T\u00d6BB SZ\u00cdNBEN - Kisses and Love","og_url":"https:\/\/kissesandlove.eu\/en\/store\/ruhazat\/puloverek\/cozy-melegito-tobb-szinben\/","og_site_name":"Kisses and Love","article_publisher":"https:\/\/www.facebook.com\/kissesandlovestore","article_modified_time":"2025-05-21T08:32:18+00:00","og_image":[{"width":1290,"height":1581,"url":"https:\/\/kissesandlove.eu\/wp-content\/uploads\/2024\/09\/IMG_4319.jpeg","type":"image\/jpeg"}],"twitter_card":"summary_large_image","twitter_misc":{"Estimated reading time":"1 minute"},"schema":{"@context":"https:\/\/schema.org","@graph":[{"@type":"WebPage","@id":"https:\/\/kissesandlove.eu\/store\/ruhazat\/puloverek\/cozy-melegito-tobb-szinben\/","url":"https:\/\/kissesandlove.eu\/store\/ruhazat\/puloverek\/cozy-melegito-tobb-szinben\/","name":"COZY - MELEG\u00cdT\u0150 T\u00d6BB SZ\u00cdNBEN - Kisses and Love","isPartOf":{"@id":"https:\/\/kissesandlove.eu\/#website"},"primaryImageOfPage":{"@id":"https:\/\/kissesandlove.eu\/store\/ruhazat\/puloverek\/cozy-melegito-tobb-szinben\/#primaryimage"},"image":{"@id":"https:\/\/kissesandlove.eu\/store\/ruhazat\/puloverek\/cozy-melegito-tobb-szinben\/#primaryimage"},"thumbnailUrl":"https:\/\/i0.wp.com\/kissesandlove.eu\/wp-content\/uploads\/2024\/09\/IMG_4319.jpeg?fit=1290%2C1581&ssl=1","datePublished":"2024-09-12T17:00:02+00:00","dateModified":"2025-05-21T08:32:18+00:00","breadcrumb":{"@id":"https:\/\/kissesandlove.eu\/store\/ruhazat\/puloverek\/cozy-melegito-tobb-szinben\/#breadcrumb"},"inLanguage":"en-GB","potentialAction":[{"@type":"ReadAction","target":["https:\/\/kissesandlove.eu\/store\/ruhazat\/puloverek\/cozy-melegito-tobb-szinben\/"]}]},{"@type":"ImageObject","inLanguage":"en-GB","@id":"https:\/\/kissesandlove.eu\/store\/ruhazat\/puloverek\/cozy-melegito-tobb-szinben\/#primaryimage","url":"https:\/\/i0.wp.com\/kissesandlove.eu\/wp-content\/uploads\/2024\/09\/IMG_4319.jpeg?fit=1290%2C1581&ssl=1","contentUrl":"https:\/\/i0.wp.com\/kissesandlove.eu\/wp-content\/uploads\/2024\/09\/IMG_4319.jpeg?fit=1290%2C1581&ssl=1","width":1290,"height":1581,"caption":"Screenshot"},{"@type":"BreadcrumbList","@id":"https:\/\/kissesandlove.eu\/store\/ruhazat\/puloverek\/cozy-melegito-tobb-szinben\/#breadcrumb","itemListElement":[{"@type":"ListItem","position":1,"name":"Home","item":"https:\/\/kissesandlove.eu\/"},{"@type":"ListItem","position":2,"name":"\u00dczlet","item":"https:\/\/kissesandlove.eu\/de\/uzlet\/"},{"@type":"ListItem","position":3,"name":"COZY &#8211; MELEG\u00cdT\u0150 T\u00d6BB SZ\u00cdNBEN"}]},{"@type":"WebSite","@id":"https:\/\/kissesandlove.eu\/#website","url":"https:\/\/kissesandlove.eu\/","name":"Kisses and Love","description":"Online Fashion Store","publisher":{"@id":"https:\/\/kissesandlove.eu\/#organization"},"potentialAction":[{"@type":"SearchAction","target":{"@type":"EntryPoint","urlTemplate":"https:\/\/kissesandlove.eu\/?s={search_term_string}"},"query-input":{"@type":"PropertyValueSpecification","valueRequired":true,"valueName":"search_term_string"}}],"inLanguage":"en-GB"},{"@type":"Organization","@id":"https:\/\/kissesandlove.eu\/#organization","name":"VR Operation Kft.","url":"https:\/\/kissesandlove.eu\/","logo":{"@type":"ImageObject","inLanguage":"en-GB","@id":"https:\/\/kissesandlove.eu\/#\/schema\/logo\/image\/","url":"https:\/\/i0.wp.com\/kissesandlove.eu\/wp-content\/uploads\/2020\/07\/kisses-and-love-banner_website-logo-02.png?fit=2391%2C600&ssl=1","contentUrl":"https:\/\/i0.wp.com\/kissesandlove.eu\/wp-content\/uploads\/2020\/07\/kisses-and-love-banner_website-logo-02.png?fit=2391%2C600&ssl=1","width":2391,"height":600,"caption":"VR Operation Kft."},"image":{"@id":"https:\/\/kissesandlove.eu\/#\/schema\/logo\/image\/"},"sameAs":["https:\/\/www.facebook.com\/kissesandlovestore","https:\/\/www.instagram.com\/kissesandlove_store"]}]}},"jetpack_sharing_enabled":true,"_links":{"self":[{"href":"https:\/\/kissesandlove.eu\/en\/wp-json\/wp\/v2\/product\/51932","targetHints":{"allow":["GET"]}}],"collection":[{"href":"https:\/\/kissesandlove.eu\/en\/wp-json\/wp\/v2\/product"}],"about":[{"href":"https:\/\/kissesandlove.eu\/en\/wp-json\/wp\/v2\/types\/product"}],"replies":[{"embeddable":true,"href":"https:\/\/kissesandlove.eu\/en\/wp-json\/wp\/v2\/comments?post=51932"}],"version-history":[{"count":2,"href":"https:\/\/kissesandlove.eu\/en\/wp-json\/wp\/v2\/product\/51932\/revisions"}],"predecessor-version":[{"id":52476,"href":"https:\/\/kissesandlove.eu\/en\/wp-json\/wp\/v2\/product\/51932\/revisions\/52476"}],"wp:featuredmedia":[{"embeddable":true,"href":"https:\/\/kissesandlove.eu\/en\/wp-json\/wp\/v2\/media\/52168"}],"wp:attachment":[{"href":"https:\/\/kissesandlove.eu\/en\/wp-json\/wp\/v2\/media?parent=51932"}],"wp:term":[{"taxonomy":"product_brand","embeddable":true,"href":"https:\/\/kissesandlove.eu\/en\/wp-json\/wp\/v2\/product_brand?post=51932"},{"taxonomy":"product_cat","embeddable":true,"href":"https:\/\/kissesandlove.eu\/en\/wp-json\/wp\/v2\/product_cat?post=51932"},{"taxonomy":"product_tag","embeddable":true,"href":"https:\/\/kissesandlove.eu\/en\/wp-json\/wp\/v2\/product_tag?post=51932"}],"curies":[{"name":"wp","href":"https:\/\/api.w.org\/{rel}","templated":true}]}}